{"id":12367,"date":"2024-11-07T15:43:34","date_gmt":"2024-11-07T15:43:34","guid":{"rendered":"http:\/\/www.kures.it\/consumables\/"},"modified":"2025-01-10T09:32:02","modified_gmt":"2025-01-10T09:32:02","slug":"consumabili","status":"publish","type":"page","link":"https:\/\/www.kures.it\/it\/consumabili\/","title":{"rendered":"Consumabili"},"content":{"rendered":"\t\t<div data-elementor-type=\"wp-page\" data-elementor-id=\"12367\" class=\"elementor elementor-12367 elementor-11915\">\n\t\t\t\t<div class=\"elementor-element elementor-element-c7a0c38 e-flex e-con-boxed e-con e-parent\" data-id=\"c7a0c38\" data-element_type=\"container\" data-e-type=\"container\" data-settings=\"{&quot;background_background&quot;:&quot;classic&quot;}\">\n\t\t\t\t\t<div class=\"e-con-inner\">\n\t\t<div class=\"elementor-element elementor-element-7fb2801 e-con-full e-flex e-con e-child\" data-id=\"7fb2801\" data-element_type=\"container\" data-e-type=\"container\">\n\t\t\t\t<div class=\"elementor-element elementor-element-aa18a96 animated-fast elementor-invisible elementor-widget elementor-widget-elementskit-heading\" data-id=\"aa18a96\" data-element_type=\"widget\" data-e-type=\"widget\" data-settings=\"{&quot;_animation&quot;:&quot;fadeIn&quot;,&quot;_animation_delay&quot;:100,&quot;ekit_we_effect_on&quot;:&quot;none&quot;}\" data-widget_type=\"elementskit-heading.default\">\n\t\t\t\t<div class=\"elementor-widget-container\">\n\t\t\t\t\t<div class=\"ekit-wid-con\" ><div class=\"ekit-heading elementskit-section-title-wraper text_left   ekit_heading_tablet-   ekit_heading_mobile-\"><h1 class=\"ekit-heading--title elementskit-section-title text_fill\"><span><span>Consumabili<\/span><\/span><\/h1>\t\t\t\t<div class='ekit-heading__description'>\n\t\t\t\t\t<p>La gamma di consumabili di <strong>KING<\/strong> \u00e8 specificamente progettata per supportare il monitoraggio continuo e preciso dei pazienti. Dai dispositivi per il campionamento delle urine agli elettrodi specializzati e ai kit di reagenti, ogni componente \u00e8 studiato per garantire compatibilit\u00e0 e facilit\u00e0 d'uso con il sistema <strong>KING<\/strong>. I nostri consumabili assicurano prestazioni ottimali e affidabilit\u00e0, mantenendo l'attenzione centrata sulla cura del paziente.<\/p>\n\t\t\t\t<\/div>\n\t\t\t<\/div><\/div>\t\t\t\t<\/div>\n\t\t\t\t<\/div>\n\t\t\t\t<\/div>\n\t\t\t\t\t<\/div>\n\t\t\t\t<\/div>\n\t\t<div class=\"elementor-element elementor-element-2176a71 e-flex e-con-boxed e-con e-parent\" data-id=\"2176a71\" data-element_type=\"container\" data-e-type=\"container\">\n\t\t\t\t\t<div class=\"e-con-inner\">\n\t\t<div class=\"elementor-element elementor-element-05b0d24 e-con-full e-flex e-con e-child\" data-id=\"05b0d24\" data-element_type=\"container\" data-e-type=\"container\">\n\t\t\t\t<div class=\"elementor-element elementor-element-9db3f6d elementor-widget elementor-widget-image\" data-id=\"9db3f6d\" data-element_type=\"widget\" data-e-type=\"widget\" data-settings=\"{&quot;ekit_we_effect_on&quot;:&quot;none&quot;}\" data-widget_type=\"image.default\">\n\t\t\t\t<div class=\"elementor-widget-container\">\n\t\t\t\t\t\t\t\t\t\t\t\t\t\t\t<img fetchpriority=\"high\" decoding=\"async\" width=\"311\" height=\"525\" src=\"https:\/\/www.kures.it\/wp-content\/uploads\/K-DB-0100-Urine-Sampler-Kit.png\" class=\"attachment-large size-large wp-image-11780\" alt=\"K-DB-0100-Urine-Sampler-Kit\" srcset=\"https:\/\/www.kures.it\/wp-content\/uploads\/K-DB-0100-Urine-Sampler-Kit.png 311w, https:\/\/www.kures.it\/wp-content\/uploads\/K-DB-0100-Urine-Sampler-Kit-178x300.png 178w\" sizes=\"(max-width: 311px) 100vw, 311px\" \/>\t\t\t\t\t\t\t\t\t\t\t\t\t\t\t<\/div>\n\t\t\t\t<\/div>\n\t\t\t\t<\/div>\n\t\t<div class=\"elementor-element elementor-element-7c77fab e-con-full e-flex e-con e-child\" data-id=\"7c77fab\" data-element_type=\"container\" data-e-type=\"container\">\n\t\t\t\t<div class=\"elementor-element elementor-element-84e4a5b animated-fast elementor-invisible elementor-widget elementor-widget-elementskit-heading\" data-id=\"84e4a5b\" data-element_type=\"widget\" data-e-type=\"widget\" data-settings=\"{&quot;_animation&quot;:&quot;fadeIn&quot;,&quot;_animation_delay&quot;:100,&quot;ekit_we_effect_on&quot;:&quot;none&quot;}\" data-widget_type=\"elementskit-heading.default\">\n\t\t\t\t<div class=\"elementor-widget-container\">\n\t\t\t\t\t<div class=\"ekit-wid-con\" ><div class=\"ekit-heading elementskit-section-title-wraper text_left   ekit_heading_tablet-   ekit_heading_mobile-\"><h3 class=\"ekit-heading--title elementskit-section-title text_fill\">K-DB-0100 Urine Sampler Kit<\/h3>\t\t\t\t<div class='ekit-heading__description'>\n\t\t\t\t\t<p><strong>Dispositivo per il campionamento delle urine<\/strong><br \/>Dispositivo fluidico per trasferire l'urina dal catetere\/paziente al dispositivo di analisi e successivamente alla sacca di raccolta delle urine.<\/p>\n<p><strong>Sacca di raccolta delle urine<\/strong><\/p>\n\t\t\t\t<\/div>\n\t\t\t<\/div><\/div>\t\t\t\t<\/div>\n\t\t\t\t<\/div>\n\t\t\t\t<div class=\"elementor-element elementor-element-7e6547a elementor-align-left elementor-widget elementor-widget-elementskit-button\" data-id=\"7e6547a\" data-element_type=\"widget\" data-e-type=\"widget\" data-settings=\"{&quot;ekit_we_effect_on&quot;:&quot;none&quot;}\" data-widget_type=\"elementskit-button.default\">\n\t\t\t\t<div class=\"elementor-widget-container\">\n\t\t\t\t\t<div class=\"ekit-wid-con\" >\t\t<div class=\"ekit-btn-wraper\">\n\t\t\t\t\t\t\t<a href=\"https:\/\/www.kures.it\/it\/contatti\/\" class=\"elementskit-btn  whitespace--normal\" id=\"\">\n\t\t\t\t\tContattaci\t\t\t\t<\/a>\n\t\t\t\t\t<\/div>\n        <\/div>\t\t\t\t<\/div>\n\t\t\t\t<\/div>\n\t\t\t\t<\/div>\n\t\t\t\t\t<\/div>\n\t\t\t\t<\/div>\n\t\t<div class=\"elementor-element elementor-element-34f152d e-flex e-con-boxed e-con e-parent\" data-id=\"34f152d\" data-element_type=\"container\" data-e-type=\"container\" data-settings=\"{&quot;background_background&quot;:&quot;classic&quot;}\">\n\t\t\t\t\t<div class=\"e-con-inner\">\n\t\t<div class=\"elementor-element elementor-element-533aae9 e-con-full e-flex e-con e-child\" data-id=\"533aae9\" data-element_type=\"container\" data-e-type=\"container\">\n\t\t\t\t<div class=\"elementor-element elementor-element-f0717d2 elementor-widget elementor-widget-image\" data-id=\"f0717d2\" data-element_type=\"widget\" data-e-type=\"widget\" data-settings=\"{&quot;ekit_we_effect_on&quot;:&quot;none&quot;}\" data-widget_type=\"image.default\">\n\t\t\t\t<div class=\"elementor-widget-container\">\n\t\t\t\t\t\t\t\t\t\t\t\t\t\t\t<img decoding=\"async\" width=\"469\" height=\"366\" src=\"https:\/\/www.kures.it\/wp-content\/uploads\/K-DB-0017-Electrode-pH.png\" class=\"attachment-large size-large wp-image-11782\" alt=\"K-DB-0017-Electrode-pH\" srcset=\"https:\/\/www.kures.it\/wp-content\/uploads\/K-DB-0017-Electrode-pH.png 469w, https:\/\/www.kures.it\/wp-content\/uploads\/K-DB-0017-Electrode-pH-300x234.png 300w\" sizes=\"(max-width: 469px) 100vw, 469px\" \/>\t\t\t\t\t\t\t\t\t\t\t\t\t\t\t<\/div>\n\t\t\t\t<\/div>\n\t\t\t\t<\/div>\n\t\t<div class=\"elementor-element elementor-element-0e73b15 e-con-full e-flex e-con e-child\" data-id=\"0e73b15\" data-element_type=\"container\" data-e-type=\"container\">\n\t\t\t\t<div class=\"elementor-element elementor-element-5b11594 animated-fast elementor-invisible elementor-widget elementor-widget-elementskit-heading\" data-id=\"5b11594\" data-element_type=\"widget\" data-e-type=\"widget\" data-settings=\"{&quot;_animation&quot;:&quot;fadeIn&quot;,&quot;_animation_delay&quot;:100,&quot;ekit_we_effect_on&quot;:&quot;none&quot;}\" data-widget_type=\"elementskit-heading.default\">\n\t\t\t\t<div class=\"elementor-widget-container\">\n\t\t\t\t\t<div class=\"ekit-wid-con\" ><div class=\"ekit-heading elementskit-section-title-wraper text_left   ekit_heading_tablet-   ekit_heading_mobile-\"><h3 class=\"ekit-heading--title elementskit-section-title text_fill\">K-DB-0017 Electrode pH<br>K-DB-0018 Electrode Chloride<br>K-DB-0019 Electrode Potassium<br>K-DB-0020 Electrode Ammonium<br>K-DB-0021 Electrode Sodium<br>K-BM-0005 Electrode Reference<br>K-DB-0022 Dummy Cell<\/h3>\t\t\t\t<div class='ekit-heading__description'>\n\t\t\t\t\t<p><strong>Dispositivo di analisi<\/strong><br \/>Sistema di elettrodi rapido e facile da collegare.<\/p>\n\t\t\t\t<\/div>\n\t\t\t<\/div><\/div>\t\t\t\t<\/div>\n\t\t\t\t<\/div>\n\t\t\t\t<div class=\"elementor-element elementor-element-6659436 elementor-align-left elementor-widget elementor-widget-elementskit-button\" data-id=\"6659436\" data-element_type=\"widget\" data-e-type=\"widget\" data-settings=\"{&quot;ekit_we_effect_on&quot;:&quot;none&quot;}\" data-widget_type=\"elementskit-button.default\">\n\t\t\t\t<div class=\"elementor-widget-container\">\n\t\t\t\t\t<div class=\"ekit-wid-con\" >\t\t<div class=\"ekit-btn-wraper\">\n\t\t\t\t\t\t\t<a href=\"https:\/\/www.kures.it\/it\/contatti\/\" class=\"elementskit-btn  whitespace--normal\" id=\"\">\n\t\t\t\t\tContattaci\t\t\t\t<\/a>\n\t\t\t\t\t<\/div>\n        <\/div>\t\t\t\t<\/div>\n\t\t\t\t<\/div>\n\t\t\t\t<\/div>\n\t\t\t\t\t<\/div>\n\t\t\t\t<\/div>\n\t\t<div class=\"elementor-element elementor-element-f4699cd e-flex e-con-boxed e-con e-parent\" data-id=\"f4699cd\" data-element_type=\"container\" data-e-type=\"container\">\n\t\t\t\t\t<div class=\"e-con-inner\">\n\t\t<div class=\"elementor-element elementor-element-5ee718d e-con-full e-flex e-con e-child\" data-id=\"5ee718d\" data-element_type=\"container\" data-e-type=\"container\">\n\t\t\t\t<div class=\"elementor-element elementor-element-fef732a elementor-widget elementor-widget-image\" data-id=\"fef732a\" data-element_type=\"widget\" data-e-type=\"widget\" data-settings=\"{&quot;ekit_we_effect_on&quot;:&quot;none&quot;}\" data-widget_type=\"image.default\">\n\t\t\t\t<div class=\"elementor-widget-container\">\n\t\t\t\t\t\t\t\t\t\t\t\t\t\t\t<img decoding=\"async\" width=\"558\" height=\"280\" src=\"https:\/\/www.kures.it\/wp-content\/uploads\/K-DB-0041-Reagent-Pack.png\" class=\"attachment-large size-large wp-image-11781\" alt=\"K-DB-0041-Reagent-Pack\" srcset=\"https:\/\/www.kures.it\/wp-content\/uploads\/K-DB-0041-Reagent-Pack.png 558w, https:\/\/www.kures.it\/wp-content\/uploads\/K-DB-0041-Reagent-Pack-300x151.png 300w\" sizes=\"(max-width: 558px) 100vw, 558px\" \/>\t\t\t\t\t\t\t\t\t\t\t\t\t\t\t<\/div>\n\t\t\t\t<\/div>\n\t\t\t\t<\/div>\n\t\t<div class=\"elementor-element elementor-element-8ff5ae5 e-con-full e-flex e-con e-child\" data-id=\"8ff5ae5\" data-element_type=\"container\" data-e-type=\"container\">\n\t\t\t\t<div class=\"elementor-element elementor-element-fbcf731 animated-fast elementor-invisible elementor-widget elementor-widget-elementskit-heading\" data-id=\"fbcf731\" data-element_type=\"widget\" data-e-type=\"widget\" data-settings=\"{&quot;_animation&quot;:&quot;fadeIn&quot;,&quot;_animation_delay&quot;:100,&quot;ekit_we_effect_on&quot;:&quot;none&quot;}\" data-widget_type=\"elementskit-heading.default\">\n\t\t\t\t<div class=\"elementor-widget-container\">\n\t\t\t\t\t<div class=\"ekit-wid-con\" ><div class=\"ekit-heading elementskit-section-title-wraper text_left   ekit_heading_tablet-   ekit_heading_mobile-\"><h3 class=\"ekit-heading--title elementskit-section-title text_fill\">K-DB-0041 Reagent Pack<\/h3>\t\t\t\t<div class='ekit-heading__description'>\n\t\t\t\t\t<div class=\"flex max-w-full flex-col flex-grow\">\n<div class=\"min-h-8 text-message flex w-full flex-col items-end gap-2 whitespace-normal break-words text-start [.text-message+&amp;]:mt-5\">\n<div class=\"flex w-full flex-col gap-1 empty:hidden first:pt-[3px]\">\n<div class=\"markdown prose w-full break-words dark:prose-invert light\">\n<p><strong>Kit di reagenti<\/strong><br \/>Reagenti\/rifiuti dal design compatto.<\/p>\n<\/div>\n<\/div>\n<\/div>\n<\/div>\n\t\t\t\t<\/div>\n\t\t\t<\/div><\/div>\t\t\t\t<\/div>\n\t\t\t\t<\/div>\n\t\t\t\t<div class=\"elementor-element elementor-element-ebc83da elementor-align-left elementor-widget elementor-widget-elementskit-button\" data-id=\"ebc83da\" data-element_type=\"widget\" data-e-type=\"widget\" data-settings=\"{&quot;ekit_we_effect_on&quot;:&quot;none&quot;}\" data-widget_type=\"elementskit-button.default\">\n\t\t\t\t<div class=\"elementor-widget-container\">\n\t\t\t\t\t<div class=\"ekit-wid-con\" >\t\t<div class=\"ekit-btn-wraper\">\n\t\t\t\t\t\t\t<a href=\"https:\/\/www.kures.it\/it\/contatti\/\" class=\"elementskit-btn  whitespace--normal\" id=\"\">\n\t\t\t\t\tContattaci\t\t\t\t<\/a>\n\t\t\t\t\t<\/div>\n        <\/div>\t\t\t\t<\/div>\n\t\t\t\t<\/div>\n\t\t\t\t<\/div>\n\t\t\t\t\t<\/div>\n\t\t\t\t<\/div>\n\t\t\t\t<\/div>\n\t\t","protected":false},"excerpt":{"rendered":"<p>Consumabili La gamma di consumabili di KING \u00e8 specificamente progettata per supportare il monitoraggio continuo e preciso dei pazienti. Dai dispositivi per il campionamento delle urine agli elettrodi specializzati e ai kit di reagenti, ogni componente \u00e8 studiato per garantire compatibilit\u00e0 e facilit\u00e0 d&#8217;uso con il sistema KING. I nostri consumabili assicurano prestazioni ottimali e [&hellip;]<\/p>\n","protected":false},"author":1,"featured_media":0,"parent":0,"menu_order":0,"comment_status":"closed","ping_status":"closed","template":"elementor_theme","meta":{"inline_featured_image":false,"footnotes":""},"class_list":["post-12367","page","type-page","status-publish","hentry"],"yoast_head":"<!-- This site is optimized with the Yoast SEO plugin v27.4 - https:\/\/yoast.com\/product\/yoast-seo-wordpress\/ -->\n<title>Consumabili - Kures<\/title>\n<meta name=\"description\" content=\"Materiali e componenti monouso, progettati per garantire precisione, sicurezza e igiene durante il monitoraggio dei pazienti.\" \/>\n<meta name=\"robots\" content=\"index, follow, max-snippet:-1, max-image-preview:large, max-video-preview:-1\" \/>\n<link rel=\"canonical\" href=\"https:\/\/www.kures.it\/it\/consumabili\/\" \/>\n<meta property=\"og:locale\" content=\"it_IT\" \/>\n<meta property=\"og:type\" content=\"article\" \/>\n<meta property=\"og:title\" content=\"Consumabili - Kures\" \/>\n<meta property=\"og:description\" content=\"Materiali e componenti monouso, progettati per garantire precisione, sicurezza e igiene durante il monitoraggio dei pazienti.\" \/>\n<meta property=\"og:url\" content=\"https:\/\/www.kures.it\/it\/consumabili\/\" \/>\n<meta property=\"og:site_name\" content=\"Kures\" \/>\n<meta property=\"article:modified_time\" content=\"2025-01-10T09:32:02+00:00\" \/>\n<meta property=\"og:image\" content=\"http:\/\/www.kures.it\/wp-content\/uploads\/K-DB-0100-Urine-Sampler-Kit.png\" \/>\n<meta name=\"twitter:card\" content=\"summary_large_image\" \/>\n<meta name=\"twitter:label1\" content=\"Tempo di lettura stimato\" \/>\n\t<meta name=\"twitter:data1\" content=\"2 minuti\" \/>\n<script type=\"application\/ld+json\" class=\"yoast-schema-graph\">{\"@context\":\"https:\\\/\\\/schema.org\",\"@graph\":[{\"@type\":\"WebPage\",\"@id\":\"https:\\\/\\\/www.kures.it\\\/it\\\/consumabili\\\/\",\"url\":\"https:\\\/\\\/www.kures.it\\\/it\\\/consumabili\\\/\",\"name\":\"Consumabili - Kures\",\"isPartOf\":{\"@id\":\"https:\\\/\\\/www.kures.it\\\/it\\\/#website\"},\"primaryImageOfPage\":{\"@id\":\"https:\\\/\\\/www.kures.it\\\/it\\\/consumabili\\\/#primaryimage\"},\"image\":{\"@id\":\"https:\\\/\\\/www.kures.it\\\/it\\\/consumabili\\\/#primaryimage\"},\"thumbnailUrl\":\"http:\\\/\\\/www.kures.it\\\/wp-content\\\/uploads\\\/K-DB-0100-Urine-Sampler-Kit.png\",\"datePublished\":\"2024-11-07T15:43:34+00:00\",\"dateModified\":\"2025-01-10T09:32:02+00:00\",\"description\":\"Materiali e componenti monouso, progettati per garantire precisione, sicurezza e igiene durante il monitoraggio dei pazienti.\",\"breadcrumb\":{\"@id\":\"https:\\\/\\\/www.kures.it\\\/it\\\/consumabili\\\/#breadcrumb\"},\"inLanguage\":\"it-IT\",\"potentialAction\":[{\"@type\":\"ReadAction\",\"target\":[\"https:\\\/\\\/www.kures.it\\\/it\\\/consumabili\\\/\"]}]},{\"@type\":\"ImageObject\",\"inLanguage\":\"it-IT\",\"@id\":\"https:\\\/\\\/www.kures.it\\\/it\\\/consumabili\\\/#primaryimage\",\"url\":\"http:\\\/\\\/www.kures.it\\\/wp-content\\\/uploads\\\/K-DB-0100-Urine-Sampler-Kit.png\",\"contentUrl\":\"http:\\\/\\\/www.kures.it\\\/wp-content\\\/uploads\\\/K-DB-0100-Urine-Sampler-Kit.png\"},{\"@type\":\"BreadcrumbList\",\"@id\":\"https:\\\/\\\/www.kures.it\\\/it\\\/consumabili\\\/#breadcrumb\",\"itemListElement\":[{\"@type\":\"ListItem\",\"position\":1,\"name\":\"Home\",\"item\":\"https:\\\/\\\/www.kures.it\\\/it\\\/\"},{\"@type\":\"ListItem\",\"position\":2,\"name\":\"Consumabili\"}]},{\"@type\":\"WebSite\",\"@id\":\"https:\\\/\\\/www.kures.it\\\/it\\\/#website\",\"url\":\"https:\\\/\\\/www.kures.it\\\/it\\\/\",\"name\":\"Kures\",\"description\":\"Shaping the future of healthcare\",\"publisher\":{\"@id\":\"https:\\\/\\\/www.kures.it\\\/it\\\/#organization\"},\"potentialAction\":[{\"@type\":\"SearchAction\",\"target\":{\"@type\":\"EntryPoint\",\"urlTemplate\":\"https:\\\/\\\/www.kures.it\\\/it\\\/?s={search_term_string}\"},\"query-input\":{\"@type\":\"PropertyValueSpecification\",\"valueRequired\":true,\"valueName\":\"search_term_string\"}}],\"inLanguage\":\"it-IT\"},{\"@type\":\"Organization\",\"@id\":\"https:\\\/\\\/www.kures.it\\\/it\\\/#organization\",\"name\":\"Kures\",\"url\":\"https:\\\/\\\/www.kures.it\\\/it\\\/\",\"logo\":{\"@type\":\"ImageObject\",\"inLanguage\":\"it-IT\",\"@id\":\"https:\\\/\\\/www.kures.it\\\/it\\\/#\\\/schema\\\/logo\\\/image\\\/\",\"url\":\"https:\\\/\\\/www.kures.it\\\/wp-content\\\/uploads\\\/kures-logo-neg.png\",\"contentUrl\":\"https:\\\/\\\/www.kures.it\\\/wp-content\\\/uploads\\\/kures-logo-neg.png\",\"width\":500,\"height\":172,\"caption\":\"Kures\"},\"image\":{\"@id\":\"https:\\\/\\\/www.kures.it\\\/it\\\/#\\\/schema\\\/logo\\\/image\\\/\"}}]}<\/script>\n<!-- \/ Yoast SEO plugin. -->","yoast_head_json":{"title":"Consumabili - Kures","description":"Materiali e componenti monouso, progettati per garantire precisione, sicurezza e igiene durante il monitoraggio dei pazienti.","robots":{"index":"index","follow":"follow","max-snippet":"max-snippet:-1","max-image-preview":"max-image-preview:large","max-video-preview":"max-video-preview:-1"},"canonical":"https:\/\/www.kures.it\/it\/consumabili\/","og_locale":"it_IT","og_type":"article","og_title":"Consumabili - Kures","og_description":"Materiali e componenti monouso, progettati per garantire precisione, sicurezza e igiene durante il monitoraggio dei pazienti.","og_url":"https:\/\/www.kures.it\/it\/consumabili\/","og_site_name":"Kures","article_modified_time":"2025-01-10T09:32:02+00:00","og_image":[{"url":"http:\/\/www.kures.it\/wp-content\/uploads\/K-DB-0100-Urine-Sampler-Kit.png","type":"","width":"","height":""}],"twitter_card":"summary_large_image","twitter_misc":{"Tempo di lettura stimato":"2 minuti"},"schema":{"@context":"https:\/\/schema.org","@graph":[{"@type":"WebPage","@id":"https:\/\/www.kures.it\/it\/consumabili\/","url":"https:\/\/www.kures.it\/it\/consumabili\/","name":"Consumabili - Kures","isPartOf":{"@id":"https:\/\/www.kures.it\/it\/#website"},"primaryImageOfPage":{"@id":"https:\/\/www.kures.it\/it\/consumabili\/#primaryimage"},"image":{"@id":"https:\/\/www.kures.it\/it\/consumabili\/#primaryimage"},"thumbnailUrl":"http:\/\/www.kures.it\/wp-content\/uploads\/K-DB-0100-Urine-Sampler-Kit.png","datePublished":"2024-11-07T15:43:34+00:00","dateModified":"2025-01-10T09:32:02+00:00","description":"Materiali e componenti monouso, progettati per garantire precisione, sicurezza e igiene durante il monitoraggio dei pazienti.","breadcrumb":{"@id":"https:\/\/www.kures.it\/it\/consumabili\/#breadcrumb"},"inLanguage":"it-IT","potentialAction":[{"@type":"ReadAction","target":["https:\/\/www.kures.it\/it\/consumabili\/"]}]},{"@type":"ImageObject","inLanguage":"it-IT","@id":"https:\/\/www.kures.it\/it\/consumabili\/#primaryimage","url":"http:\/\/www.kures.it\/wp-content\/uploads\/K-DB-0100-Urine-Sampler-Kit.png","contentUrl":"http:\/\/www.kures.it\/wp-content\/uploads\/K-DB-0100-Urine-Sampler-Kit.png"},{"@type":"BreadcrumbList","@id":"https:\/\/www.kures.it\/it\/consumabili\/#breadcrumb","itemListElement":[{"@type":"ListItem","position":1,"name":"Home","item":"https:\/\/www.kures.it\/it\/"},{"@type":"ListItem","position":2,"name":"Consumabili"}]},{"@type":"WebSite","@id":"https:\/\/www.kures.it\/it\/#website","url":"https:\/\/www.kures.it\/it\/","name":"Kures","description":"Shaping the future of healthcare","publisher":{"@id":"https:\/\/www.kures.it\/it\/#organization"},"potentialAction":[{"@type":"SearchAction","target":{"@type":"EntryPoint","urlTemplate":"https:\/\/www.kures.it\/it\/?s={search_term_string}"},"query-input":{"@type":"PropertyValueSpecification","valueRequired":true,"valueName":"search_term_string"}}],"inLanguage":"it-IT"},{"@type":"Organization","@id":"https:\/\/www.kures.it\/it\/#organization","name":"Kures","url":"https:\/\/www.kures.it\/it\/","logo":{"@type":"ImageObject","inLanguage":"it-IT","@id":"https:\/\/www.kures.it\/it\/#\/schema\/logo\/image\/","url":"https:\/\/www.kures.it\/wp-content\/uploads\/kures-logo-neg.png","contentUrl":"https:\/\/www.kures.it\/wp-content\/uploads\/kures-logo-neg.png","width":500,"height":172,"caption":"Kures"},"image":{"@id":"https:\/\/www.kures.it\/it\/#\/schema\/logo\/image\/"}}]}},"_links":{"self":[{"href":"https:\/\/www.kures.it\/it\/wp-json\/wp\/v2\/pages\/12367","targetHints":{"allow":["GET"]}}],"collection":[{"href":"https:\/\/www.kures.it\/it\/wp-json\/wp\/v2\/pages"}],"about":[{"href":"https:\/\/www.kures.it\/it\/wp-json\/wp\/v2\/types\/page"}],"author":[{"embeddable":true,"href":"https:\/\/www.kures.it\/it\/wp-json\/wp\/v2\/users\/1"}],"replies":[{"embeddable":true,"href":"https:\/\/www.kures.it\/it\/wp-json\/wp\/v2\/comments?post=12367"}],"version-history":[{"count":5,"href":"https:\/\/www.kures.it\/it\/wp-json\/wp\/v2\/pages\/12367\/revisions"}],"predecessor-version":[{"id":12379,"href":"https:\/\/www.kures.it\/it\/wp-json\/wp\/v2\/pages\/12367\/revisions\/12379"}],"wp:attachment":[{"href":"https:\/\/www.kures.it\/it\/wp-json\/wp\/v2\/media?parent=12367"}],"curies":[{"name":"wp","href":"https:\/\/api.w.org\/{rel}","templated":true}]}}